{"id":394,"date":"2021-03-03T02:25:52","date_gmt":"2021-03-03T02:25:52","guid":{"rendered":"https:\/\/hpublic.uber.space\/biography\/"},"modified":"2023-03-25T21:22:56","modified_gmt":"2023-03-25T21:22:56","slug":"biography","status":"publish","type":"page","link":"https:\/\/emanuele-spampinato.com\/biography\/","title":{"rendered":"Biografie"},"content":{"rendered":"\t\t<div data-elementor-type=\"wp-page\" data-elementor-id=\"394\" class=\"elementor elementor-394\">\n\t\t\t\t\t\t\t\t\t<section class=\"elementor-section elementor-top-section elementor-element elementor-element-d8d5da8 elementor-section-boxed elementor-section-height-default elementor-section-height-default\" data-id=\"d8d5da8\" data-element_type=\"section\">\n\t\t\t\t\t\t\t<div class=\"elementor-background-overlay\"><\/div>\n\t\t\t\t\t\t\t<div class=\"elementor-container elementor-column-gap-no\">\n\t\t\t\t\t<div class=\"elementor-column elementor-col-100 elementor-top-column elementor-element elementor-element-5d02d36\" data-id=\"5d02d36\" data-element_type=\"column\">\n\t\t\t<div class=\"elementor-widget-wrap elementor-element-populated\">\n\t\t\t\t\t\t\t\t<div class=\"elementor-element elementor-element-3e8c75f elementor-widget elementor-widget-image\" data-id=\"3e8c75f\" data-element_type=\"widget\" data-widget_type=\"image.default\">\n\t\t\t\t<div class=\"elementor-widget-container\">\n\t\t\t<style>\/*! elementor - v3.11.5 - 14-03-2023 *\/\n.elementor-widget-image{text-align:center}.elementor-widget-image a{display:inline-block}.elementor-widget-image a img[src$=\".svg\"]{width:48px}.elementor-widget-image img{vertical-align:middle;display:inline-block}<\/style>\t\t\t\t\t\t\t\t\t\t\t\t<img loading=\"lazy\" decoding=\"async\" width=\"2560\" height=\"1707\" src=\"https:\/\/emanuele-spampinato.com\/wp-content\/uploads\/2022\/07\/29C11A9E-7362-45E2-B331-9F10787DF5BE-scaled.jpg\" class=\"attachment-full size-full wp-image-2110\" alt=\"\" srcset=\"https:\/\/emanuele-spampinato.com\/wp-content\/uploads\/2022\/07\/29C11A9E-7362-45E2-B331-9F10787DF5BE-scaled.jpg 2560w, https:\/\/emanuele-spampinato.com\/wp-content\/uploads\/2022\/07\/29C11A9E-7362-45E2-B331-9F10787DF5BE-300x200.jpg 300w, https:\/\/emanuele-spampinato.com\/wp-content\/uploads\/2022\/07\/29C11A9E-7362-45E2-B331-9F10787DF5BE-1024x683.jpg 1024w, https:\/\/emanuele-spampinato.com\/wp-content\/uploads\/2022\/07\/29C11A9E-7362-45E2-B331-9F10787DF5BE-768x512.jpg 768w, https:\/\/emanuele-spampinato.com\/wp-content\/uploads\/2022\/07\/29C11A9E-7362-45E2-B331-9F10787DF5BE-1536x1024.jpg 1536w, https:\/\/emanuele-spampinato.com\/wp-content\/uploads\/2022\/07\/29C11A9E-7362-45E2-B331-9F10787DF5BE-2048x1365.jpg 2048w\" sizes=\"auto, (max-width: 2560px) 100vw, 2560px\" \/>\t\t\t\t\t\t\t\t\t\t\t\t\t\t\t<\/div>\n\t\t\t\t<\/div>\n\t\t\t\t<section class=\"elementor-section elementor-inner-section elementor-element elementor-element-5b53ec6 elementor-section-boxed elementor-section-height-default elementor-section-height-default\" data-id=\"5b53ec6\" data-element_type=\"section\">\n\t\t\t\t\t\t<div class=\"elementor-container elementor-column-gap-no\">\n\t\t\t\t\t<div class=\"elementor-column elementor-col-100 elementor-inner-column elementor-element elementor-element-aa70106\" data-id=\"aa70106\" data-element_type=\"column\">\n\t\t\t<div class=\"elementor-widget-wrap elementor-element-populated\">\n\t\t\t\t\t\t\t\t<div class=\"elementor-element elementor-element-ff0f8e2 elementor-widget elementor-widget-heading\" data-id=\"ff0f8e2\" data-element_type=\"widget\" data-widget_type=\"heading.default\">\n\t\t\t\t<div class=\"elementor-widget-container\">\n\t\t\t<style>\/*! elementor - v3.11.5 - 14-03-2023 *\/\n.elementor-heading-title{padding:0;margin:0;line-height:1}.elementor-widget-heading .elementor-heading-title[class*=elementor-size-]>a{color:inherit;font-size:inherit;line-height:inherit}.elementor-widget-heading .elementor-heading-title.elementor-size-small{font-size:15px}.elementor-widget-heading .elementor-heading-title.elementor-size-medium{font-size:19px}.elementor-widget-heading .elementor-heading-title.elementor-size-large{font-size:29px}.elementor-widget-heading .elementor-heading-title.elementor-size-xl{font-size:39px}.elementor-widget-heading .elementor-heading-title.elementor-size-xxl{font-size:59px}<\/style><h5 class=\"elementor-heading-title elementor-size-default\">Profit\u00e4nzer - Internationaler Wertrichter - Showt\u00e4nzer<\/h5>\t\t<\/div>\n\t\t\t\t<\/div>\n\t\t\t\t<div class=\"elementor-element elementor-element-a9fd274 elementor-widget elementor-widget-text-editor\" data-id=\"a9fd274\" data-element_type=\"widget\" data-widget_type=\"text-editor.default\">\n\t\t\t\t<div class=\"elementor-widget-container\">\n\t\t\t<style>\/*! elementor - v3.11.5 - 14-03-2023 *\/\n.elementor-widget-text-editor.elementor-drop-cap-view-stacked .elementor-drop-cap{background-color:#818a91;color:#fff}.elementor-widget-text-editor.elementor-drop-cap-view-framed .elementor-drop-cap{color:#818a91;border:3px solid;background-color:transparent}.elementor-widget-text-editor:not(.elementor-drop-cap-view-default) .elementor-drop-cap{margin-top:8px}.elementor-widget-text-editor:not(.elementor-drop-cap-view-default) .elementor-drop-cap-letter{width:1em;height:1em}.elementor-widget-text-editor .elementor-drop-cap{float:left;text-align:center;line-height:1;font-size:50px}.elementor-widget-text-editor .elementor-drop-cap-letter{display:inline-block}<\/style>\t\t\t\t<p>W\u00e4hrend seiner beruflichen Karriere in Italien unterrichtete er in zahlreichen Tanzstudios und arbeitete auch als Showt\u00e4nzer f\u00fcr verschiedene Unterhaltungsagenturen. Seit 2019 ist er als <a href=\"https:\/\/www.ptvoe.com\/ptvoe-pro-am\/\">Pro-Am Dance Teacher Competitor<\/a> in Wien t\u00e4tig. Bevor er nach \u00d6sterreich zog, arbeitete er f\u00fcr die Weltreise &#8220;<a href=\"https:\/\/www.costacruises.eu\/destinations\/round-the-world.html\">The World Tour<\/a>&#8221; an Bord der Costa Kreuzfahrten auf Schiffen, die zwischen allen sieben Kontinenten verkehren.<\/p><p>Seit 2020 schrieb er mehrere Artikel zu tanzbezogenen Themen f\u00fcr die italienische Zeitschrift &#8220;<a href=\"http:\/\/www.oltreoceano.org\/\">OltreOceano<\/a>&#8220;; im selben Jahr wurde er professionelles Mitglied des Conseil International de la Danse (<a href=\"http:\/\/cid-world.org\/\">CID<\/a>), einem offiziellen Partner der <a href=\"https:\/\/www.unesco.org\/\">UNESCO<\/a>.<\/p><p>Seit 2021 hat er eine Ausbildung beim <a href=\"https:\/\/www.wdcdance.com\/\">WDC<\/a>-Verband absolviert und die <a href=\"https:\/\/www.wdcdance.com\/\">WDC<\/a>-Lizenz als Wertungsrichter in den Stilen Latein und Standard erworben. Seit 2022 ist er ein von der <a href=\"https:\/\/anmb.org\/\">ANMB<\/a> (Associazione Nazionale Maestri di Ballo) zertifizierter Tanzlehrer in International Ballroom Latin und Standard. Derzeit befindet er sich in der Ausbildung zum Tanztherapeuten im Bereich der Tanz-Bewegungstherapie, der sich f\u00fcr Inklusion und Vielfalt in der Welt des Tanzes einsetzt.<\/p>\t\t\t\t\t\t<\/div>\n\t\t\t\t<\/div>\n\t\t\t\t\t<\/div>\n\t\t<\/div>\n\t\t\t\t\t\t\t<\/div>\n\t\t<\/section>\n\t\t\t\t\t<\/div>\n\t\t<\/div>\n\t\t\t\t\t\t\t<\/div>\n\t\t<\/section>\n\t\t\t\t\t\t\t<\/div>\n\t\t","protected":false},"excerpt":{"rendered":"<p>Professional Ballroom Dancer International Adjudicator Showdancer During his professional career in Italy, he has taught in numerous dance studios, also working as a showdancer for various entertainment agencies; since 2019 he has been working as a Pro-Am dance teacher in Vienna. Prior to moving to Austria, he worked for the special itinerary &#8220;The World Tour&#8221; &hellip;<\/p>\n<p class=\"read-more\"> <a class=\"\" href=\"https:\/\/emanuele-spampinato.com\/biography\/\"> <span class=\"screen-reader-text\">Biografie<\/span> Weiterlesen &raquo;<\/a><\/p>\n","protected":false},"author":1,"featured_media":0,"parent":0,"menu_order":0,"comment_status":"closed","ping_status":"closed","template":"","meta":{"site-sidebar-layout":"no-sidebar","site-content-layout":"page-builder","ast-global-header-display":"","ast-main-header-display":"","ast-hfb-above-header-display":"","ast-hfb-below-header-display":"","ast-hfb-mobile-header-display":"","site-post-title":"disabled","ast-breadcrumbs-content":"disabled","ast-featured-img":"disabled","footer-sml-layout":"","theme-transparent-header-meta":"enabled","adv-header-id-meta":"","stick-header-meta":"","header-above-stick-meta":"","header-main-stick-meta":"","header-below-stick-meta":"","footnotes":""},"class_list":["post-394","page","type-page","status-publish","hentry"],"_links":{"self":[{"href":"https:\/\/emanuele-spampinato.com\/wp-json\/wp\/v2\/pages\/394","targetHints":{"allow":["GET"]}}],"collection":[{"href":"https:\/\/emanuele-spampinato.com\/wp-json\/wp\/v2\/pages"}],"about":[{"href":"https:\/\/emanuele-spampinato.com\/wp-json\/wp\/v2\/types\/page"}],"author":[{"embeddable":true,"href":"https:\/\/emanuele-spampinato.com\/wp-json\/wp\/v2\/users\/1"}],"replies":[{"embeddable":true,"href":"https:\/\/emanuele-spampinato.com\/wp-json\/wp\/v2\/comments?post=394"}],"version-history":[{"count":184,"href":"https:\/\/emanuele-spampinato.com\/wp-json\/wp\/v2\/pages\/394\/revisions"}],"predecessor-version":[{"id":2634,"href":"https:\/\/emanuele-spampinato.com\/wp-json\/wp\/v2\/pages\/394\/revisions\/2634"}],"wp:attachment":[{"href":"https:\/\/emanuele-spampinato.com\/wp-json\/wp\/v2\/media?parent=394"}],"curies":[{"name":"wp","href":"https:\/\/api.w.org\/{rel}","templated":true}]}}