{"id":447,"date":"2022-07-20T04:55:54","date_gmt":"2022-07-20T04:55:54","guid":{"rendered":"https:\/\/hpublic.uber.space\/repertoire\/"},"modified":"2022-07-31T20:28:08","modified_gmt":"2022-07-31T20:28:08","slug":"pro-am","status":"publish","type":"page","link":"https:\/\/emanuele-spampinato.com\/pro-am\/","title":{"rendered":"Pro-Am"},"content":{"rendered":"\t\t<div data-elementor-type=\"wp-page\" data-elementor-id=\"447\" class=\"elementor elementor-447\">\n\t\t\t\t\t\t\t\t\t<section class=\"elementor-section elementor-top-section elementor-element elementor-element-509e7ce elementor-section-full_width elementor-section-height-default elementor-section-height-default\" data-id=\"509e7ce\" data-element_type=\"section\">\n\t\t\t\t\t\t<div class=\"elementor-container elementor-column-gap-no\">\n\t\t\t\t\t<div class=\"elementor-column elementor-col-100 elementor-top-column elementor-element elementor-element-f6ecab9\" data-id=\"f6ecab9\" data-element_type=\"column\">\n\t\t\t<div class=\"elementor-widget-wrap elementor-element-populated\">\n\t\t\t\t\t\t\t\t<div class=\"elementor-element elementor-element-dee2a4f elementor-widget elementor-widget-heading\" data-id=\"dee2a4f\" data-element_type=\"widget\" data-widget_type=\"heading.default\">\n\t\t\t\t<div class=\"elementor-widget-container\">\n\t\t\t<style>\/*! elementor - v3.11.5 - 14-03-2023 *\/\n.elementor-heading-title{padding:0;margin:0;line-height:1}.elementor-widget-heading .elementor-heading-title[class*=elementor-size-]>a{color:inherit;font-size:inherit;line-height:inherit}.elementor-widget-heading .elementor-heading-title.elementor-size-small{font-size:15px}.elementor-widget-heading .elementor-heading-title.elementor-size-medium{font-size:19px}.elementor-widget-heading .elementor-heading-title.elementor-size-large{font-size:29px}.elementor-widget-heading .elementor-heading-title.elementor-size-xl{font-size:39px}.elementor-widget-heading .elementor-heading-title.elementor-size-xxl{font-size:59px}<\/style><h1 class=\"elementor-heading-title elementor-size-default\">Pro-Am<\/h1>\t\t<\/div>\n\t\t\t\t<\/div>\n\t\t\t\t<div class=\"elementor-element elementor-element-6b2e3f7 elementor-widget elementor-widget-image\" data-id=\"6b2e3f7\" data-element_type=\"widget\" data-widget_type=\"image.default\">\n\t\t\t\t<div class=\"elementor-widget-container\">\n\t\t\t<style>\/*! elementor - v3.11.5 - 14-03-2023 *\/\n.elementor-widget-image{text-align:center}.elementor-widget-image a{display:inline-block}.elementor-widget-image a img[src$=\".svg\"]{width:48px}.elementor-widget-image img{vertical-align:middle;display:inline-block}<\/style>\t\t\t\t\t\t\t\t\t\t\t\t<img loading=\"lazy\" decoding=\"async\" width=\"1536\" height=\"1024\" src=\"https:\/\/emanuele-spampinato.com\/wp-content\/uploads\/2022\/07\/AdobeStock_285783082-1536x1024.jpg\" class=\"attachment-1536x1536 size-1536x1536 wp-image-2151\" alt=\"\" srcset=\"https:\/\/emanuele-spampinato.com\/wp-content\/uploads\/2022\/07\/AdobeStock_285783082-1536x1024.jpg 1536w, https:\/\/emanuele-spampinato.com\/wp-content\/uploads\/2022\/07\/AdobeStock_285783082-300x200.jpg 300w, https:\/\/emanuele-spampinato.com\/wp-content\/uploads\/2022\/07\/AdobeStock_285783082-1024x683.jpg 1024w, https:\/\/emanuele-spampinato.com\/wp-content\/uploads\/2022\/07\/AdobeStock_285783082-768x512.jpg 768w, https:\/\/emanuele-spampinato.com\/wp-content\/uploads\/2022\/07\/AdobeStock_285783082-2048x1366.jpg 2048w\" sizes=\"auto, (max-width: 1536px) 100vw, 1536px\" \/>\t\t\t\t\t\t\t\t\t\t\t\t\t\t\t<\/div>\n\t\t\t\t<\/div>\n\t\t\t\t\t<\/div>\n\t\t<\/div>\n\t\t\t\t\t\t\t<\/div>\n\t\t<\/section>\n\t\t\t\t<section class=\"elementor-section elementor-top-section elementor-element elementor-element-297c8f3 elementor-section-boxed elementor-section-height-default elementor-section-height-default\" data-id=\"297c8f3\" data-element_type=\"section\">\n\t\t\t\t\t\t<div class=\"elementor-container elementor-column-gap-no\">\n\t\t\t\t\t<div class=\"elementor-column elementor-col-50 elementor-top-column elementor-element elementor-element-e555d93\" data-id=\"e555d93\" data-element_type=\"column\">\n\t\t\t<div class=\"elementor-widget-wrap elementor-element-populated\">\n\t\t\t\t\t\t\t\t<div class=\"elementor-element elementor-element-dbeee2d elementor-widget elementor-widget-heading\" data-id=\"dbeee2d\" data-element_type=\"widget\" data-widget_type=\"heading.default\">\n\t\t\t\t<div class=\"elementor-widget-container\">\n\t\t\t<h2 class=\"elementor-heading-title elementor-size-default\">Was genau ist das Pro-Am-System?<\/h2>\t\t<\/div>\n\t\t\t\t<\/div>\n\t\t\t\t\t<\/div>\n\t\t<\/div>\n\t\t\t\t<div class=\"elementor-column elementor-col-50 elementor-top-column elementor-element elementor-element-a602c33\" data-id=\"a602c33\" data-element_type=\"column\">\n\t\t\t<div class=\"elementor-widget-wrap elementor-element-populated\">\n\t\t\t\t\t\t\t\t<div class=\"elementor-element elementor-element-ea8ade8 elementor-widget elementor-widget-text-editor\" data-id=\"ea8ade8\" data-element_type=\"widget\" data-widget_type=\"text-editor.default\">\n\t\t\t\t<div class=\"elementor-widget-container\">\n\t\t\t<style>\/*! elementor - v3.11.5 - 14-03-2023 *\/\n.elementor-widget-text-editor.elementor-drop-cap-view-stacked .elementor-drop-cap{background-color:#818a91;color:#fff}.elementor-widget-text-editor.elementor-drop-cap-view-framed .elementor-drop-cap{color:#818a91;border:3px solid;background-color:transparent}.elementor-widget-text-editor:not(.elementor-drop-cap-view-default) .elementor-drop-cap{margin-top:8px}.elementor-widget-text-editor:not(.elementor-drop-cap-view-default) .elementor-drop-cap-letter{width:1em;height:1em}.elementor-widget-text-editor .elementor-drop-cap{float:left;text-align:center;line-height:1;font-size:50px}.elementor-widget-text-editor .elementor-drop-cap-letter{display:inline-block}<\/style>\t\t\t\t<div id=\"comp-krj6ifk51\" class=\"_2Hij5 _3bcaz\" data-testid=\"richTextElement\"><p class=\"font_8\"><span class=\"color_15\">Stellen Sie sich vor, Sie h\u00e4tten schon immer davon getr\u00e4umt, tanzen zu lernen, aber leider keinen Tanzpartner, der mitkommen k\u00f6nnte. \u00a0<\/span><\/p><p class=\"font_8\"><span class=\"color_15\">Ab heute haben Sie mit dem Pro-Am-System das Richtige f\u00fcr Sie gefunden!<\/span><\/p><p class=\"font_8\"><span class=\"color_15\">Diese Methode definiert die Tanzpartnerschaft zwischen einem professionellen T\u00e4nzer, d. h. dem Lehrer und dem Amateurt\u00e4nzer, in diesem Fall dem Sch\u00fcler.<\/span><\/p><p class=\"font_8\"><span class=\"color_15\">Eines ist sicher: Tanzen mit einem Profi erm\u00f6glicht Ihnen eine hervorragende p\u00e4dagogische Erfahrung, ohne sich verzweifelt auf die Suche nach einem Partner machen zu m\u00fcssen, es erm\u00f6glicht Ihnen, Ihre Lieblingst\u00e4nze schneller zu lernen, von Cha-Cha-Cha bis Paso-Doble, von Swing bis Jive, der durch Tango, Fox-Trott und viele andere f\u00fchrt, und l\u00e4sst Ihre Seele freie Lauf, sich durch eine der beliebtesten Kunstformen aller Zeiten auszudr\u00fccken: Tanz.<\/span><\/p><p class=\"font_8\"><span class=\"color_15\">Dank Fernsehsendungen wie &#8220;Dancing with the Stars&#8221; und &#8220;Strictly Come Dancing&#8221; ist Gesellschaftstanz in den letzten Jahren unglaublich popul\u00e4r geworden und bringt vielen Menschen Balls\u00e4le und Tanzveranstaltungen n\u00e4her.<\/span><\/p><p class=\"font_8\"><span class=\"color_15\">F\u00fcr den professionellen T\u00e4nzer ist es wirklich ein Stolz zu sehen, wie seine Amateursch\u00fcler ihre gesetzten Ziele erreichen, egal wie gro\u00df oder klein sie auch sein m\u00f6gen, da es unbezahlbar ist, Licht in das Leben eines Menschen in dieser Welt zu bringen.<\/span><\/p><\/div>\t\t\t\t\t\t<\/div>\n\t\t\t\t<\/div>\n\t\t\t\t\t<\/div>\n\t\t<\/div>\n\t\t\t\t\t\t\t<\/div>\n\t\t<\/section>\n\t\t\t\t<section class=\"elementor-section elementor-top-section elementor-element elementor-element-66c5430 elementor-section-boxed elementor-section-height-default elementor-section-height-default\" data-id=\"66c5430\" data-element_type=\"section\">\n\t\t\t\t\t\t<div class=\"elementor-container elementor-column-gap-default\">\n\t\t\t\t\t<div class=\"elementor-column elementor-col-100 elementor-top-column elementor-element elementor-element-d6fc252\" data-id=\"d6fc252\" data-element_type=\"column\">\n\t\t\t<div class=\"elementor-widget-wrap elementor-element-populated\">\n\t\t\t\t\t\t\t\t<div class=\"elementor-element elementor-element-981f9cd elementor-widget elementor-widget-text-editor\" data-id=\"981f9cd\" data-element_type=\"widget\" data-widget_type=\"text-editor.default\">\n\t\t\t\t<div class=\"elementor-widget-container\">\n\t\t\t\t\t\t\t\n<div class=\"wpcf7 no-js\" id=\"wpcf7-f2407-o1\" lang=\"en-US\" dir=\"ltr\">\n<div class=\"screen-reader-response\"><p role=\"status\" aria-live=\"polite\" aria-atomic=\"true\"><\/p> <ul><\/ul><\/div>\n<form action=\"\/de\/wp-json\/wp\/v2\/pages\/447#wpcf7-f2407-o1\" method=\"post\" class=\"wpcf7-form init\" aria-label=\"Contact form\" novalidate=\"novalidate\" data-status=\"init\">\n<div style=\"display: none;\">\n<input type=\"hidden\" name=\"_wpcf7\" value=\"2407\" \/>\n<input type=\"hidden\" name=\"_wpcf7_version\" value=\"5.7.5.1\" \/>\n<input type=\"hidden\" name=\"_wpcf7_locale\" value=\"en_US\" \/>\n<input type=\"hidden\" name=\"_wpcf7_unit_tag\" value=\"wpcf7-f2407-o1\" \/>\n<input type=\"hidden\" name=\"_wpcf7_container_post\" value=\"0\" \/>\n<input type=\"hidden\" name=\"_wpcf7_posted_data_hash\" value=\"\" \/>\n<\/div>\n<p><label> Dein Name<br \/>\n<span class=\"wpcf7-form-control-wrap\" data-name=\"your-name\"><input size=\"40\" class=\"wpcf7-form-control wpcf7-text wpcf7-validates-as-required\" aria-required=\"true\" aria-invalid=\"false\" value=\"\" type=\"text\" name=\"your-name\" \/><\/span> <\/label>\n<\/p>\n<p><label> Deine E-Mail<br \/>\n<span class=\"wpcf7-form-control-wrap\" data-name=\"your-email\"><input size=\"40\" class=\"wpcf7-form-control wpcf7-text wpcf7-email wpcf7-validates-as-required wpcf7-validates-as-email\" aria-required=\"true\" aria-invalid=\"false\" value=\"\" type=\"email\" name=\"your-email\" \/><\/span> <\/label>\n<\/p>\n<p><label> Betreff<br \/>\n<span class=\"wpcf7-form-control-wrap\" data-name=\"your-subject\"><input size=\"40\" class=\"wpcf7-form-control wpcf7-text wpcf7-validates-as-required\" aria-required=\"true\" aria-invalid=\"false\" value=\"\" type=\"text\" name=\"your-subject\" \/><\/span> <\/label>\n<\/p>\n<p><label> Nachricht<br \/>\n<span class=\"wpcf7-form-control-wrap\" data-name=\"your-message\"><textarea cols=\"40\" rows=\"10\" class=\"wpcf7-form-control wpcf7-textarea\" aria-invalid=\"false\" name=\"your-message\"><\/textarea><\/span> <\/label>\n<\/p>\n<p><input class=\"wpcf7-form-control has-spinner wpcf7-submit\" type=\"submit\" value=\"Senden\" \/>\n<\/p><p style=\"display: none !important;\" class=\"akismet-fields-container\" data-prefix=\"_wpcf7_ak_\"><label>&#916;<textarea name=\"_wpcf7_ak_hp_textarea\" cols=\"45\" rows=\"8\" maxlength=\"100\"><\/textarea><\/label><input type=\"hidden\" id=\"ak_js_1\" name=\"_wpcf7_ak_js\" value=\"42\"\/><script>document.getElementById( \"ak_js_1\" ).setAttribute( \"value\", ( new Date() ).getTime() );<\/script><\/p><div class=\"wpcf7-response-output\" aria-hidden=\"true\"><\/div>\n<\/form>\n<\/div>\n\t\t\t\t\t\t<\/div>\n\t\t\t\t<\/div>\n\t\t\t\t\t<\/div>\n\t\t<\/div>\n\t\t\t\t\t\t\t<\/div>\n\t\t<\/section>\n\t\t\t\t\t\t\t<\/div>\n\t\t","protected":false},"excerpt":{"rendered":"<p>Pro-Am So what exactly is the pro am system? Imagine that you always had the dream of learning to dance, but unfortunately not a dance partner who could join you. \u00a0 From today on, with the Pro-Am system you have found what you been looking for! This method defines a dance partnership between a Professional &hellip;<\/p>\n<p class=\"read-more\"> <a class=\"\" href=\"https:\/\/emanuele-spampinato.com\/pro-am\/\"> <span class=\"screen-reader-text\">Pro-Am<\/span> Weiterlesen &raquo;<\/a><\/p>\n","protected":false},"author":1,"featured_media":0,"parent":0,"menu_order":0,"comment_status":"closed","ping_status":"closed","template":"","meta":{"site-sidebar-layout":"no-sidebar","site-content-layout":"page-builder","ast-global-header-display":"","ast-main-header-display":"","ast-hfb-above-header-display":"","ast-hfb-below-header-display":"","ast-hfb-mobile-header-display":"","site-post-title":"disabled","ast-breadcrumbs-content":"disabled","ast-featured-img":"disabled","footer-sml-layout":"","theme-transparent-header-meta":"enabled","adv-header-id-meta":"","stick-header-meta":"","header-above-stick-meta":"","header-main-stick-meta":"","header-below-stick-meta":"","footnotes":""},"class_list":["post-447","page","type-page","status-publish","hentry"],"_links":{"self":[{"href":"https:\/\/emanuele-spampinato.com\/wp-json\/wp\/v2\/pages\/447","targetHints":{"allow":["GET"]}}],"collection":[{"href":"https:\/\/emanuele-spampinato.com\/wp-json\/wp\/v2\/pages"}],"about":[{"href":"https:\/\/emanuele-spampinato.com\/wp-json\/wp\/v2\/types\/page"}],"author":[{"embeddable":true,"href":"https:\/\/emanuele-spampinato.com\/wp-json\/wp\/v2\/users\/1"}],"replies":[{"embeddable":true,"href":"https:\/\/emanuele-spampinato.com\/wp-json\/wp\/v2\/comments?post=447"}],"version-history":[{"count":54,"href":"https:\/\/emanuele-spampinato.com\/wp-json\/wp\/v2\/pages\/447\/revisions"}],"predecessor-version":[{"id":2410,"href":"https:\/\/emanuele-spampinato.com\/wp-json\/wp\/v2\/pages\/447\/revisions\/2410"}],"wp:attachment":[{"href":"https:\/\/emanuele-spampinato.com\/wp-json\/wp\/v2\/media?parent=447"}],"curies":[{"name":"wp","href":"https:\/\/api.w.org\/{rel}","templated":true}]}}